{"id":21,"date":"2015-11-22T12:36:41","date_gmt":"2015-11-22T12:36:41","guid":{"rendered":"http:\/\/www.datasikkerhetsboka.no\/blogg\/?page_id=21"},"modified":"2018-02-23T14:37:40","modified_gmt":"2018-02-23T13:37:40","slug":"kurs-og-foredrag","status":"publish","type":"page","link":"https:\/\/www.datasikkerhetsboka.no\/blogg\/kurs-og-foredrag\/","title":{"rendered":"Kurs og foredrag"},"content":{"rendered":"<div class=\"813acece54f667675f79a7bb27432ad9\" data-index=\"1\" style=\"float: none; margin:10px 0 10px 0; text-align:center;\">\n<script async src=\"\/\/pagead2.googlesyndication.com\/pagead\/js\/adsbygoogle.js\"><\/script>\r\n<!-- annonser - blogg -->\r\n<ins class=\"adsbygoogle\"\r\n     style=\"display:block\"\r\n     data-ad-client=\"ca-pub-3643033126981971\"\r\n     data-ad-slot=\"5209152447\"\r\n     data-ad-format=\"auto\"><\/ins>\r\n<script>\r\n(adsbygoogle = window.adsbygoogle || []).push({});\r\n<\/script>\n<\/div>\n<p>Dersom din bedrift eller organisasjon \u00f8nsker et foredrag eller kursing i datasikkerhet for de ansatte eller medlemmer, s\u00e5 h\u00f8rer vi veldig gjerne fra deg! Vi kan skreddersy kurs basert p\u00e5 behov og deltakernes forh\u00e5ndskunnskaper. Ta kontakt p\u00e5 tom.h.natt@hiof.no eller 92012120.<\/p>\n<p>Vi har lang erfaring med \u00e5 holde kurs\/foredrag gjennom v\u00e5rt arbeid som fagansatte og forelesere ved Avdeling for informasjonsteknologi, H\u00f8gskolen i \u00d8stfold. Ved h\u00f8gskolen er <a href=\"http:\/\/www.tomheine.net\/cv\/\">Tom Heine\u00a0N\u00e4tt<\/a> ogs\u00e5 emneansvarlig for emnet &#8220;<a href=\"http:\/\/www.hiof.no\/studieinformasjon\/studieplaner\/?&amp;displayitem=8350&amp;module=studieinfo&amp;type=emne\">Innf\u00f8ring i Datasikkerhet<\/a>&#8220;.<\/p>\n<p>I tillegg til v\u00e5r tilbud om foredrag og kurs vil vi ogs\u00e5 anbefale v\u00e5r <a href=\"https:\/\/www.datasikkerhetsboka.no\/\">lettleste bok om datasikkerhet<\/a> som egner seg like godt for privatpersoner som i internoppl\u00e6ringen i en bedrift. Vi har utelukkende f\u00e5tt positive tilbakemeldinger fra de som har benyttet boka.<\/p>\n<p>Under er noen eksempler p\u00e5 ulike typer kurs og foredrag vi holder. Foredragene kan tilpasses p\u00e5 alle mulige m\u00e5ter, og vi kan ogs\u00e5 holde andre typer foredrag. Bare ta kontakt for \u00e5 diskutere muligheter.<\/p>\n<p><strong>Internoppl\u00e6ring i bedrifter<\/strong><\/p>\n<p>F\u00e5 bedrifter forst\u00e5 hvor viktig brikke de ansatte er i bedriftens totale sikkerhet. Dagens angrep baserer seg i stor grad p\u00e5 \u00e5 ut\u00f8ve social engineering (psykologisk manipulasjon) og f\u00e5 tilgang til bedriftens informasjon og systemer gjennom \u00e5 lure de ansatte. Det kan v\u00e6re alt fra enkle teknikker som phishing og spoofing gjennom e-post, telefon og sosiale medier, til mer avanserte angrep gjennom skadevare og digitalt utstyr.\u00a0 \u00c5 gj\u00f8re de ansatte oppmerksomme p\u00e5 hva som er mulig \u00e5 gj\u00f8re, farer som lurer, samt noen kjennetegn, er en billig investering i bedriftens totale sikkerhetstrategi.<\/p>\n<p>Mye av fokuset i foredraget ligger p\u00e5 \u00e5 forst\u00e5 psykologien som svindlere i dag benytter. I tillegg omtales utfordringer ved at bedriftens tjenester og utstyr benyttes privat, og omvendt.<\/p>\n<p>Et slikt foredrag kan typisk vare fra en time til en dag, avhengig av hvor grundig oppl\u00e6ring som \u00f8nskes.<\/p>\n<p><strong>Sikkerhetstankegang for bedriftsledelse og IT-drift<\/strong><\/p>\n<p>Bedrifter har en tendens til \u00e5 tenke at hacking kun foretas av profesjonelle grupperinger med h\u00f8y teknisk ekspertise. Mange er ogs\u00e5 av den oppfatning at de selv ikke er noe aktuelt m\u00e5l, da de ikke bedriver noe veldig sikkerhetskritisk eller hemmelig.<\/p>\n<p>Dessverre utelukkes mye om hvem som er hackerne, hva de \u00f8nsker \u00e5 oppn\u00e5 og hvilke ressurser de har tilgjengelig. Det er fult mulig at ikke bedriften er et aktuelt m\u00e5l for tapping av sensitive bedriftshemmeligheter, men kriminelle som er ute etter en rask \u00f8konomisk gevinst gjennom utpressing ved \u00e5 hindre at arbeid kan utf\u00f8res, vil de fleste v\u00e6re utsatt for. Selv om bedriften ikke selv er et direkte m\u00e5l, kan kundedata som oppbevares v\u00e6re attraktivt for bruk i videre svindel. Med de nye personvernreglene st\u00e5r bedriften ansvarlig.<\/p>\n<p>En annen viktig faktor er at med alle dagens ferdige verkt\u00f8y og manualer trenger ikke &#8220;hackerne&#8221; v\u00e6re spesielt dyktige i det hele tatt, s\u00e5 lenge de har et m\u00e5l. Avanserte angrep kan derfor like godt bli utf\u00f8rt av for eksempel en missforn\u00f8yd ansatt eller en nysgjerrig kunde.<\/p>\n<p>Dette foredraget vil fors\u00f8ke belyse hvor utsatt de fleste bedrifter er, og at effektive angrep ikke trenger v\u00e6re spesielt vanskelige \u00e5 utf\u00f8re. Foredraget vil ogs\u00e5 ta for seg hvordan ansatte i bedriften ofte blir det svake leddet gjennom social engineering (psykologisk manipulering).<\/p>\n<p>Et slikt foredrag vil typisk vare fra en til to timer.<\/p>\n<p><strong>Sikkerhetsbevissthet blant privatpersoner<\/strong><\/p>\n<p>Ogs\u00e5 privatpersoner er et m\u00e5l for svindlerne.\u00a0 Som oftest er hensikten \u00f8konomisk vinning, med tilh\u00f8rende tap for offeret. Veien dit inneholder imidlertid en rekke ulike svindelteknikker som det er nyttig \u00e5 kjenne til for \u00e5 kunne avsl\u00f8re svindlene.<\/p>\n<p>Dette foredraget tar i hovedsak for seg social engineering (manipulasjon gjennom psykologi) og tilh\u00f8rende svindelteknikker. Dette inneb\u00e6rer bl.a. mye om sosiale medier og andre former for informasjonsdeling og kommunikasjon. I tillegg ser vi p\u00e5 hvor lett det er \u00e5 forfalske informasjon om kommunikasjon for svindlerne.\u00a0 Overv\u00e5king vil ogs\u00e5 v\u00e6re en del av innholdet.<\/p>\n<p>Gjennom foredraget vil man bli overrasket over hvor enkelt det er \u00e5 bedrive svindel, samtidig som man f\u00e5r gode r\u00e5d for \u00e5 avsl\u00f8re de.<\/p>\n<p>Et slikt foredrag egner seg godt til \u00e5 holde i regi av ulike lag, foreninger og organisasjoner.\u00a0 Niv\u00e5et p\u00e5 foredraget tilpasses en vanlig bruker, som har og benytter smartelefon og datamaskin, men som ikke har hverken interesse eller kunnskap om hva som foreg\u00e5r i bakgrunnen.<\/p>\n<p>Et slikt foredrag b\u00f8r vare fra 1-1,5 time. Som regel b\u00f8r det ogs\u00e5 settes av en tid etter foredraget til sp\u00f8rsm\u00e5l, da det skaper stor interesse for temaet.<\/p>\n<p><strong>Barn\/unge &#8211; nettvett og datasikkerhet<\/strong><\/p>\n<p>En slik type foredrag gj\u00f8res ofte p\u00e5 skoler som en del av undervisningen.<\/p>\n<p>Dessverre er undervisning for ban og unge i nettvett og datasikkerhet ofte preget av d\u00e5rlig begrunnede regler for hva man ikke skal gj\u00f8re.<\/p>\n<p>De som holder undervisningen har ofte stor kjennskap til konsekvensene nettmobbing, spredning av bilder\/informasjon, utpressing og \u00f8konomisk svindel har for barna. Dessverre har de mindre fokus p\u00e5 hva som faktisk skjer rent teknisk og hvordan man beskytter seg.\u00a0 Slike foredrag har derfor kun moderat effekt, da f\u00e5 forst\u00e5r hvordan egne handlinger kan f\u00e5 disse konsekvensene.<\/p>\n<p>Vi har lang erfaring med \u00e5 holde foredrag for barn og unge om datasikkerhet. B\u00e5de gjennom undervisning av studenter og elever p\u00e5 videreg\u00e5ende skole, men ogs\u00e5 fra ulike skolebes\u00f8k med elever fra barne- og ungdomsskole. Slike foredrag har som regel samme innhold som foredragene for voksne privatpersoner, men formidlingen m\u00e5 gj\u00f8res p\u00e5 en helt annen m\u00e5te.<\/p>\n<p>Her er det viktig \u00e5 lage litt mer &#8220;show&#8221; og vise flere eksempler og demonstrasjoner for \u00e5 skape engasjement.\u00a0 Det \u00e5 vise hvordan svindel faktisk utf\u00f8res (men \u00e5 samtidig utelate noen detaljer s\u00e5 det ikke s\u00e5 enkelt kan gjenskapes) gj\u00f8r at tilh\u00f8rerne i langt st\u00f8rre grad forst\u00e5 hvorfor de m\u00e5 v\u00e6re forsiktige og hvor enkelt det kan ramme dem.<\/p>\n<p>Et slikt foredrag b\u00f8r gj\u00f8res som en del av undervisningen og vare ca to skoletimer.<\/p>\n<p><strong>Hvordan undervise og formidle datasikkerhet og nettvett til barn og unge<\/strong><\/p>\n<p>Et stort problem er at ikke alle har all den kompetansen som skal til for \u00e5 formidle datasikkerhet og nettvett til barn og unge p\u00e5 en effektiv m\u00e5te. Som nevnt i beskrivelsen av kurset som retter seg direkte mot barn, er eksempler og demonstrasjoner viktig. Dessverre formidles ofte kun konsekvensene av farene, og det blir vanskelig for barna \u00e5 koble det de gj\u00f8r mot disse konsekvensene. I tillegg har tradisjonelle r\u00e5d ofte v\u00e6rt veldig fokuserte mot &#8220;ikke bruk disse tjenestene&#8221;, i stedet for &#8220;tenk p\u00e5 dette n\u00e5r du bruker disse tjenestene&#8221;.<\/p>\n<p>Dette kruset vil ta for seg hvordan man selv som l\u00e6rer eller annen pedagog kan lage seg en liten samling med effektive eksempler og demonstrasjoner.<\/p>\n<p>I tillegg vil kurset ta for seg de vanligste farene barn og unge er utsatt for, samt hvordan man kan formidle gode r\u00e5d til sikker bruk av smarttelefoner, nettjenester og sosiale medier.<\/p>\n<p>Et slikt kurs b\u00f8r ha \u00e9n dags varighet, og maksimalt ha 15-20 deltakere.<\/p>\n<p>&nbsp;<\/p>\n<p>Her er et lite utvalg av de foredragene som er avholdt:<\/p>\n<ul>\n<li><a href=\"http:\/\/www.it-fag.no\/?CatID=1245\">Foredrag om datasikkerhet p\u00e5 IT-konferansen 2016<\/a> (1\/02-2016)<\/li>\n<li><a href=\"http:\/\/litthusfred.no\/events\/datasikkerhet-ikke-bli-svindlerens-neste-offer\/\">Foredrag p\u00e5 Litteraturhuset i Fredrikstad<\/a> (04\/04-2016)<\/li>\n<li>Foredrag p\u00e5 RecruIT &#8211; Bod\u00f8 (26\/8-2016)<\/li>\n<li>Foredrag for H\u00f8gskolen i Molde (16\/2-2017)<\/li>\n<li>Foredrag for SeniorSurf-dagen i Sandefjord (21\/9-2017)<\/li>\n<li>Foredrag for elever og l\u00e6rere ved Frederik II vgs, Fredrikstad (22\/1-2018)<\/li>\n<li>Foredrag p\u00e5 <a href=\"http:\/\/www.himolde.no\/aktuelt\/Sider\/Program-for-popul%C3%A6rvitenskapelige-vinterleker.aspx\">popul\u00e6rvitenskapelige vinterleker<\/a> (2\/2-2018)<\/li>\n<li>Foredrag for NITO sine medlemmer (15\/2-2018)<\/li>\n<\/ul>\n<!--CusAds0-->\n<div style=\"font-size: 0px; height: 0px; line-height: 0px; margin: 0; padding: 0; clear: both;\"><\/div>","protected":false},"excerpt":{"rendered":"<p>Dersom din bedrift eller organisasjon \u00f8nsker et foredrag eller kursing i datasikkerhet for de ansatte eller medlemmer, s\u00e5 h\u00f8rer vi veldig gjerne fra deg! Vi kan skreddersy kurs basert p\u00e5 behov og deltakernes forh\u00e5ndskunnskaper.&#46;&#46;&#46;<\/p>\n","protected":false},"author":1,"featured_media":0,"parent":0,"menu_order":0,"comment_status":"closed","ping_status":"closed","template":"","meta":{"footnotes":""},"class_list":["post-21","page","type-page","status-publish","hentry"],"aioseo_notices":[],"jetpack_sharing_enabled":true,"_links":{"self":[{"href":"https:\/\/www.datasikkerhetsboka.no\/blogg\/wp-json\/wp\/v2\/pages\/21","targetHints":{"allow":["GET"]}}],"collection":[{"href":"https:\/\/www.datasikkerhetsboka.no\/blogg\/wp-json\/wp\/v2\/pages"}],"about":[{"href":"https:\/\/www.datasikkerhetsboka.no\/blogg\/wp-json\/wp\/v2\/types\/page"}],"author":[{"embeddable":true,"href":"https:\/\/www.datasikkerhetsboka.no\/blogg\/wp-json\/wp\/v2\/users\/1"}],"replies":[{"embeddable":true,"href":"https:\/\/www.datasikkerhetsboka.no\/blogg\/wp-json\/wp\/v2\/comments?post=21"}],"version-history":[{"count":13,"href":"https:\/\/www.datasikkerhetsboka.no\/blogg\/wp-json\/wp\/v2\/pages\/21\/revisions"}],"predecessor-version":[{"id":2045,"href":"https:\/\/www.datasikkerhetsboka.no\/blogg\/wp-json\/wp\/v2\/pages\/21\/revisions\/2045"}],"wp:attachment":[{"href":"https:\/\/www.datasikkerhetsboka.no\/blogg\/wp-json\/wp\/v2\/media?parent=21"}],"curies":[{"name":"wp","href":"https:\/\/api.w.org\/{rel}","templated":true}]}}