{"id":499,"date":"2016-02-18T08:19:33","date_gmt":"2016-02-18T08:19:33","guid":{"rendered":"http:\/\/www.datasikkerhetsboka.no\/blogg\/?page_id=499"},"modified":"2016-02-18T08:19:33","modified_gmt":"2016-02-18T08:19:33","slug":"ny-bok-om-datasikkerhet-skrevet-for-folk-flest","status":"publish","type":"page","link":"http:\/\/www.datasikkerhetsboka.no\/blogg\/ny-bok-om-datasikkerhet-skrevet-for-folk-flest\/","title":{"rendered":"Ny bok om datasikkerhet &#8211; skrevet for folk flest!"},"content":{"rendered":"<div class=\"709ff53d6c15c9c917a4f0a93ff21be9\" data-index=\"1\" style=\"float: none; margin:10px 0 10px 0; text-align:center;\">\n<script async src=\"\/\/pagead2.googlesyndication.com\/pagead\/js\/adsbygoogle.js\"><\/script>\r\n<!-- annonser - blogg -->\r\n<ins class=\"adsbygoogle\"\r\n     style=\"display:block\"\r\n     data-ad-client=\"ca-pub-3643033126981971\"\r\n     data-ad-slot=\"5209152447\"\r\n     data-ad-format=\"auto\"><\/ins>\r\n<script>\r\n(adsbygoogle = window.adsbygoogle || []).push({});\r\n<\/script>\n<\/div>\n<p class=\"western\"><span style=\"color: #000000;\"><span style=\"font-family: Helvetica, Arial, sans-serif;\"><span style=\"font-size: large;\"><span lang=\"no-NO\"><i>Ikke klikk p\u00e5 denne! Ikke last ned fila! Ikke \u00e5pne vedlegget! Se opp for ny svindel fra Posten, Expert og Elkj\u00f8p!<\/i><\/span><\/span><\/span><\/span><\/p>\n<p class=\"western\"><span style=\"color: #000000;\"><span style=\"font-family: Helvetica, Arial, sans-serif;\"><span style=\"font-size: large;\"><span lang=\"no-NO\">I disse dager over\u00f8ses vi med advarsler mot svindler. Tenker du noen gang p\u00e5 om du ville klart \u00e5 oppdage slike svindler selv? Eller hvordan du kan oppdage alle de svindlene som det ikke advares mot?<\/span><\/span><\/span><\/span><\/p>\n<p class=\"western\"><span style=\"color: #000000;\"><span style=\"font-family: Helvetica, Arial, sans-serif;\"><span style=\"font-size: large;\"><span lang=\"no-NO\">Det er faktisk ikke s\u00e5 mye som skal til for at du som en vanlig bruker skal kunne avsl\u00f8re mange av svindlene og farene som er der ute. Hadde brukere kjent til de vanligste fremgangsm\u00e5tene svindlerne benytter, og hva som faktisk er mulig, ville de v\u00e6rt langt mindre utsatt.<\/span><\/span><\/span><\/span><\/p>\n<p class=\"western\"><span style=\"color: #000000;\"><span style=\"font-family: Helvetica, Arial, sans-serif;\"><span style=\"font-size: large;\"><span lang=\"no-NO\">Med dette som utgangspunkt tok vi p\u00e5 oss oppgaven med \u00e5 lage en ny bok om datasikkerhet for \u00abfolk flest\u00bb, i motsetning til mange andre fagb\u00f8ker. En bok der faguttrykk er tonet ned, teksten skal v\u00e6re lettlest og forklaringer er tilpasset den vanlige leser.<\/span><\/span><\/span><\/span><\/p>\n<p class=\"western\"><span style=\"color: #000000;\"><span style=\"font-family: Helvetica, Arial, sans-serif;\"><span style=\"font-size: large;\"><span lang=\"no-NO\">Resultatet ble boka <\/span><\/span><\/span><\/span><span style=\"color: #000000;\"><span style=\"font-family: Helvetica, Arial, sans-serif;\"><span style=\"font-size: large;\"><span lang=\"no-NO\"><i><b><a href=\"http:\/\/www.datasikkerhetsboka.no\">Datasikkerhet \u2013 ikke bli svindlerens neste offer<\/a><\/b><\/i><\/span><\/span><\/span><\/span> <span style=\"color: #000000;\"><span style=\"font-family: Helvetica, Arial, sans-serif;\"><span style=\"font-size: large;\"><span lang=\"no-NO\">som ble utgitt p\u00e5 Gyldendal rett f\u00f8r jul. I denne boka f\u00e5r du som leser en gjennomgang av hvordan svindlerne tenker og hvilke teknikker de benytter for \u00e5 lure nettopp deg.<\/span><\/span><\/span><\/span><\/p>\n<p><a href=\"http:\/\/www.datasikkerhetsboka.no\" rel=\"attachment wp-att-7\"><img loading=\"lazy\" decoding=\"async\" class=\"alignnone size-medium wp-image-7\" src=\"http:\/\/www.datasikkerhetsboka.no\/blogg\/wp-content\/uploads\/2015\/11\/datasikkerhet1-222x300.jpg\" alt=\"Datasikkerhet - ikke bli svindlerens neste offer cover\" width=\"222\" height=\"300\" srcset=\"http:\/\/www.datasikkerhetsboka.no\/blogg\/wp-content\/uploads\/2015\/11\/datasikkerhet1-222x300.jpg 222w, http:\/\/www.datasikkerhetsboka.no\/blogg\/wp-content\/uploads\/2015\/11\/datasikkerhet1-756x1024.jpg 756w, http:\/\/www.datasikkerhetsboka.no\/blogg\/wp-content\/uploads\/2015\/11\/datasikkerhet1.jpg 1008w\" sizes=\"auto, (max-width: 222px) 100vw, 222px\" \/><\/a><\/p>\n<p class=\"western\"><span style=\"color: #000000;\"><span style=\"font-family: Helvetica, Arial, sans-serif;\"><span style=\"font-size: large;\"><span lang=\"no-NO\">Boka tar for seg svindler gjennom e-post, nettsider og sosiale medier. H\u00e5ndtering av passord, tiltak mot virus og sikring av maskinvare er andre tema som tas opp. I tillegg omtales hvordan du skal kunne utf\u00f8re sikker netthandel og betaling. En egen seksjon er ogs\u00e5 viet sikker bruk av mobile enheter slik som telefoner og nettbrett.<\/span><\/span><\/span><\/span><\/p>\n<p class=\"western\" lang=\"no-NO\"><span style=\"font-family: Helvetica, Arial, sans-serif; color: #000000;\"><span style=\"font-size: large;\">Til hvert tema i boka er det sjekklister som oppsummerer de viktigste tiltakene du kan utf\u00f8re, og hva du skal passe p\u00e5. Boka er ogs\u00e5 fylt med eksempler som forklarer teknikkene i praksis.<\/span><\/span><\/p>\n<p class=\"western\"><span style=\"color: #000000;\"><span style=\"font-family: Helvetica, Arial, sans-serif;\"><span style=\"font-size: large;\"><span lang=\"no-NO\">Tilbakemeldinger fra de som alt har lest boka har v\u00e6rt sv\u00e6rt positive, og flere har sagt at den \u00ab<\/span><\/span><\/span><\/span><span style=\"color: #000000;\"><span style=\"font-family: Helvetica, Arial, sans-serif;\"><span style=\"font-size: large;\"><span lang=\"no-NO\"><i>burde v\u00e6rt pensum for \u00e5 bruke internett\u00bb<\/i><\/span><\/span><\/span><\/span><span style=\"color: #000000;\"><span style=\"font-family: Helvetica, Arial, sans-serif;\"><span style=\"font-size: large;\"><span lang=\"no-NO\">. <\/span><\/span><\/span><\/span><span style=\"color: #00ff00;\"><span style=\"font-family: Helvetica, Arial, sans-serif;\"><span style=\"font-size: large;\"><span lang=\"no-NO\"><span style=\"color: #000000;\">itavisen.no hadde ogs\u00e5 en sv\u00e6rt <a href=\"http:\/\/itavisen.no\/2016\/02\/17\/gi-denne-boka-til-noen-som-er-en-fare-for-seg-selv-pa-nett\/\">positiv anmeldelse av boka<\/a><\/span>.<\/span><\/span><\/span><\/span> <span style=\"color: #000000;\"><span style=\"font-family: Helvetica, Arial, sans-serif;\"><span style=\"font-size: large;\"><span lang=\"no-NO\">Den 16. februar l\u00e5 boka som den tredje mest solgte databoka i Norge p\u00e5 cdon.no sin rangering.<\/span><\/span><\/span><\/span><\/p>\n<p class=\"western\" lang=\"no-NO\"><span style=\"font-family: Helvetica, Arial, sans-serif; color: #000000;\"><span style=\"font-size: large;\">Boka er til salgs i alle nettbokhandlere, og et utvalg fysiske bokhandlere. Vi h\u00e5per boka blir interessant lesing, og at den gir deg en sikrere hverdag.<\/span><\/span><\/p>\n<p class=\"western\" lang=\"no-NO\"><span style=\"font-family: Helvetica, Arial, sans-serif; color: #000000;\"><span style=\"font-size: large;\">Hilsen forfatterne,<\/span><\/span><\/p>\n<p class=\"western\"><span style=\"color: #000000;\"><span style=\"font-family: Helvetica, Arial, sans-serif;\"><span style=\"font-size: large;\"><span lang=\"no-NO\">Tom Heine N\u00e4tt og Christian F. Heide<\/span><\/span><\/span><\/span><\/p>\n<p class=\"western\" lang=\"no-NO\"><span style=\"color: #000000;\"><span style=\"font-family: Helvetica, Arial, sans-serif;\"><span style=\"font-size: large;\"><span lang=\"no-NO\">Du kan finne mer informasjon om boka her:<br \/>\n<\/span><\/span><\/span><\/span><span style=\"color: #000000;\"><span lang=\"zxx\"><span style=\"font-family: Helvetica, Arial, sans-serif;\"><span style=\"font-size: large;\"><span lang=\"no-NO\"><a href=\"http:\/\/www.datasikkerhetsboka.no\">http:\/\/www.datasikkerhetsboka.no<\/a><\/span><\/span><\/span><\/span><\/span><\/p>\n<p class=\"western\" lang=\"no-NO\"><span style=\"font-family: Helvetica, Arial, sans-serif; color: #000000;\"><span style=\"font-size: large;\">Vi legger ogs\u00e5 ut ekstramateriale og omtaler nye svindler p\u00e5 bokas blogg:<br \/>\n<\/span><\/span><span style=\"color: #000000;\"><span lang=\"zxx\"><span style=\"font-family: Helvetica, Arial, sans-serif;\"><span style=\"font-size: large;\"><span lang=\"no-NO\"><a href=\"http:\/\/www.datasikkerhetsboka.no\/blogg\">http:\/\/www.datasikkerhetsboka.no\/blogg<\/a><\/span><\/span><\/span><\/span><\/span><\/p>\n<p class=\"western\" lang=\"no-NO\"><span style=\"font-family: Helvetica, Arial, sans-serif; color: #000000;\"><span style=\"font-size: large;\">F\u00f8lg ogs\u00e5 gjerne v\u00e5r Facebook-side for oppdateringer om datasikkerhet.<br \/>\n<\/span><\/span><span style=\"color: #000000;\"><span lang=\"zxx\"><u><span style=\"font-family: Helvetica, Arial, sans-serif;\"><span style=\"font-size: large;\"><span lang=\"no-NO\"><a href=\"http:\/\/www.facebook.com\/datasikkerhetsboka\">http:\/\/www.facebook.com\/datasikkerhetsboka<\/a><\/span><\/span><\/span><\/u><\/span><\/span><\/p>\n<!--CusAds0-->\n<div style=\"font-size: 0px; height: 0px; line-height: 0px; margin: 0; padding: 0; clear: both;\"><\/div>","protected":false},"excerpt":{"rendered":"<p>Ikke klikk p\u00e5 denne! Ikke last ned fila! Ikke \u00e5pne vedlegget! Se opp for ny svindel fra Posten, Expert og Elkj\u00f8p! I disse dager over\u00f8ses vi med advarsler mot svindler. Tenker du noen gang&#46;&#46;&#46;<\/p>\n","protected":false},"author":3,"featured_media":0,"parent":0,"menu_order":0,"comment_status":"closed","ping_status":"closed","template":"","meta":{"footnotes":""},"class_list":["post-499","page","type-page","status-publish","hentry"],"aioseo_notices":[],"jetpack_sharing_enabled":true,"_links":{"self":[{"href":"http:\/\/www.datasikkerhetsboka.no\/blogg\/wp-json\/wp\/v2\/pages\/499","targetHints":{"allow":["GET"]}}],"collection":[{"href":"http:\/\/www.datasikkerhetsboka.no\/blogg\/wp-json\/wp\/v2\/pages"}],"about":[{"href":"http:\/\/www.datasikkerhetsboka.no\/blogg\/wp-json\/wp\/v2\/types\/page"}],"author":[{"embeddable":true,"href":"http:\/\/www.datasikkerhetsboka.no\/blogg\/wp-json\/wp\/v2\/users\/3"}],"replies":[{"embeddable":true,"href":"http:\/\/www.datasikkerhetsboka.no\/blogg\/wp-json\/wp\/v2\/comments?post=499"}],"version-history":[{"count":1,"href":"http:\/\/www.datasikkerhetsboka.no\/blogg\/wp-json\/wp\/v2\/pages\/499\/revisions"}],"predecessor-version":[{"id":500,"href":"http:\/\/www.datasikkerhetsboka.no\/blogg\/wp-json\/wp\/v2\/pages\/499\/revisions\/500"}],"wp:attachment":[{"href":"http:\/\/www.datasikkerhetsboka.no\/blogg\/wp-json\/wp\/v2\/media?parent=499"}],"curies":[{"name":"wp","href":"https:\/\/api.w.org\/{rel}","templated":true}]}}