{"id":371,"date":"2016-01-27T20:24:56","date_gmt":"2016-01-27T20:24:56","guid":{"rendered":"http:\/\/www.datasikkerhetsboka.no\/blogg\/?page_id=371"},"modified":"2016-02-11T12:03:21","modified_gmt":"2016-02-11T12:03:21","slug":"e-post-svindel","status":"publish","type":"page","link":"http:\/\/www.datasikkerhetsboka.no\/blogg\/svindler\/e-post-svindel\/","title":{"rendered":"E-post svindel"},"content":{"rendered":"<div class=\"709ff53d6c15c9c917a4f0a93ff21be9\" data-index=\"1\" style=\"float: none; margin:10px 0 10px 0; text-align:center;\">\n<script async src=\"\/\/pagead2.googlesyndication.com\/pagead\/js\/adsbygoogle.js\"><\/script>\r\n<!-- annonser - blogg -->\r\n<ins class=\"adsbygoogle\"\r\n     style=\"display:block\"\r\n     data-ad-client=\"ca-pub-3643033126981971\"\r\n     data-ad-slot=\"5209152447\"\r\n     data-ad-format=\"auto\"><\/ins>\r\n<script>\r\n(adsbygoogle = window.adsbygoogle || []).push({});\r\n<\/script>\n<\/div>\n<h2>Oversikt over E-post-svindler<\/h2>\n<p>Nyeste f\u00f8rst. Kom gjerne med <a href=\"http:\/\/www.datasikkerhetsboka.no\/blogg\/rapporter-svindel\/\">tips<\/a> om du vet om en svindel som mangler. Klikk p\u00e5 navnet over skjermbildet for \u00e5 lese mer\u00a0om svindelen.<\/p>\n<p><a href=\"http:\/\/www.datasikkerhetsboka.no\/blogg\/2016\/02\/11\/ransomware-svindel-fra-esso\/\">Esso<\/a>:<\/p>\n<p><a href=\"http:\/\/www.datasikkerhetsboka.no\/blogg\/wp-content\/uploads\/2016\/02\/Screenshot-from-2016-02-11-121946.fikset.png\" rel=\"attachment wp-att-470\"><img loading=\"lazy\" decoding=\"async\" class=\"alignnone size-medium wp-image-470\" src=\"http:\/\/www.datasikkerhetsboka.no\/blogg\/wp-content\/uploads\/2016\/02\/Screenshot-from-2016-02-11-121946.fikset-300x96.png\" alt=\"Screenshot from 2016-02-11 12:19:46.fikset\" width=\"300\" height=\"96\" srcset=\"http:\/\/www.datasikkerhetsboka.no\/blogg\/wp-content\/uploads\/2016\/02\/Screenshot-from-2016-02-11-121946.fikset-300x96.png 300w, http:\/\/www.datasikkerhetsboka.no\/blogg\/wp-content\/uploads\/2016\/02\/Screenshot-from-2016-02-11-121946.fikset-768x246.png 768w, http:\/\/www.datasikkerhetsboka.no\/blogg\/wp-content\/uploads\/2016\/02\/Screenshot-from-2016-02-11-121946.fikset-1024x328.png 1024w, http:\/\/www.datasikkerhetsboka.no\/blogg\/wp-content\/uploads\/2016\/02\/Screenshot-from-2016-02-11-121946.fikset-937x300.png 937w, http:\/\/www.datasikkerhetsboka.no\/blogg\/wp-content\/uploads\/2016\/02\/Screenshot-from-2016-02-11-121946.fikset.png 1521w\" sizes=\"auto, (max-width: 300px) 100vw, 300px\" \/><\/a><\/p>\n<hr \/>\n<p>&nbsp;<\/p>\n<p><a href=\"http:\/\/www.datasikkerhetsboka.no\/blogg\/2016\/01\/27\/svindel-e-post-fra-elkjop-du-vinner-ikke-noe-men-taper-mye-penger\/\">Elkj\u00f8p<\/a>:<a href=\"http:\/\/www.datasikkerhetsboka.no\/blogg\/wp-content\/uploads\/2016\/01\/elkjop.thumb_.png\" rel=\"attachment wp-att-359\"><img loading=\"lazy\" decoding=\"async\" class=\"alignnone size-medium wp-image-359\" src=\"http:\/\/www.datasikkerhetsboka.no\/blogg\/wp-content\/uploads\/2016\/01\/elkjop.thumb_-300x241.png\" alt=\"elkjop.thumb\" width=\"300\" height=\"241\" srcset=\"http:\/\/www.datasikkerhetsboka.no\/blogg\/wp-content\/uploads\/2016\/01\/elkjop.thumb_-300x241.png 300w, http:\/\/www.datasikkerhetsboka.no\/blogg\/wp-content\/uploads\/2016\/01\/elkjop.thumb_-374x300.png 374w, http:\/\/www.datasikkerhetsboka.no\/blogg\/wp-content\/uploads\/2016\/01\/elkjop.thumb_.png 548w\" sizes=\"auto, (max-width: 300px) 100vw, 300px\" \/><br \/>\n<\/a><\/p>\n<hr \/>\n<p>&nbsp;<\/p>\n<p><a href=\"http:\/\/www.datasikkerhetsboka.no\/blogg\/2016\/01\/29\/svindel-e-post-fra-nordea\/\">Nordea:<\/a><\/p>\n<p><a href=\"http:\/\/www.datasikkerhetsboka.no\/blogg\/wp-content\/uploads\/2016\/01\/Screenshot-from-2016-01-29-123527.png\" rel=\"attachment wp-att-409\"><img loading=\"lazy\" decoding=\"async\" class=\"alignnone size-medium wp-image-409\" src=\"http:\/\/www.datasikkerhetsboka.no\/blogg\/wp-content\/uploads\/2016\/01\/Screenshot-from-2016-01-29-123527-300x122.png\" alt=\"Screenshot from 2016-01-29 12:35:27\" width=\"300\" height=\"122\" srcset=\"http:\/\/www.datasikkerhetsboka.no\/blogg\/wp-content\/uploads\/2016\/01\/Screenshot-from-2016-01-29-123527-300x122.png 300w, http:\/\/www.datasikkerhetsboka.no\/blogg\/wp-content\/uploads\/2016\/01\/Screenshot-from-2016-01-29-123527.png 629w\" sizes=\"auto, (max-width: 300px) 100vw, 300px\" \/><\/a><\/p>\n<!--CusAds0-->\n<div style=\"font-size: 0px; height: 0px; line-height: 0px; margin: 0; padding: 0; clear: both;\"><\/div>","protected":false},"excerpt":{"rendered":"<p>Oversikt over E-post-svindler Nyeste f\u00f8rst. Kom gjerne med tips om du vet om en svindel som mangler. Klikk p\u00e5 navnet over skjermbildet for \u00e5 lese mer\u00a0om svindelen. Esso: &nbsp; Elkj\u00f8p: &nbsp; Nordea:<\/p>\n","protected":false},"author":1,"featured_media":0,"parent":307,"menu_order":0,"comment_status":"closed","ping_status":"closed","template":"","meta":{"footnotes":""},"class_list":["post-371","page","type-page","status-publish","hentry"],"aioseo_notices":[],"jetpack_sharing_enabled":true,"_links":{"self":[{"href":"http:\/\/www.datasikkerhetsboka.no\/blogg\/wp-json\/wp\/v2\/pages\/371","targetHints":{"allow":["GET"]}}],"collection":[{"href":"http:\/\/www.datasikkerhetsboka.no\/blogg\/wp-json\/wp\/v2\/pages"}],"about":[{"href":"http:\/\/www.datasikkerhetsboka.no\/blogg\/wp-json\/wp\/v2\/types\/page"}],"author":[{"embeddable":true,"href":"http:\/\/www.datasikkerhetsboka.no\/blogg\/wp-json\/wp\/v2\/users\/1"}],"replies":[{"embeddable":true,"href":"http:\/\/www.datasikkerhetsboka.no\/blogg\/wp-json\/wp\/v2\/comments?post=371"}],"version-history":[{"count":3,"href":"http:\/\/www.datasikkerhetsboka.no\/blogg\/wp-json\/wp\/v2\/pages\/371\/revisions"}],"predecessor-version":[{"id":481,"href":"http:\/\/www.datasikkerhetsboka.no\/blogg\/wp-json\/wp\/v2\/pages\/371\/revisions\/481"}],"up":[{"embeddable":true,"href":"http:\/\/www.datasikkerhetsboka.no\/blogg\/wp-json\/wp\/v2\/pages\/307"}],"wp:attachment":[{"href":"http:\/\/www.datasikkerhetsboka.no\/blogg\/wp-json\/wp\/v2\/media?parent=371"}],"curies":[{"name":"wp","href":"https:\/\/api.w.org\/{rel}","templated":true}]}}