{"id":14,"date":"2015-11-22T12:23:17","date_gmt":"2015-11-22T12:23:17","guid":{"rendered":"http:\/\/www.datasikkerhetsboka.no\/blogg\/?page_id=14"},"modified":"2016-11-16T14:09:00","modified_gmt":"2016-11-16T13:09:00","slug":"datasikkerhetsboka","status":"publish","type":"page","link":"http:\/\/www.datasikkerhetsboka.no\/blogg\/datasikkerhetsboka\/","title":{"rendered":"Datasikkerhetsboka"},"content":{"rendered":"<div class=\"709ff53d6c15c9c917a4f0a93ff21be9\" data-index=\"1\" style=\"float: none; margin:10px 0 10px 0; text-align:center;\">\n<script async src=\"\/\/pagead2.googlesyndication.com\/pagead\/js\/adsbygoogle.js\"><\/script>\r\n<!-- annonser - blogg -->\r\n<ins class=\"adsbygoogle\"\r\n     style=\"display:block\"\r\n     data-ad-client=\"ca-pub-3643033126981971\"\r\n     data-ad-slot=\"5209152447\"\r\n     data-ad-format=\"auto\"><\/ins>\r\n<script>\r\n(adsbygoogle = window.adsbygoogle || []).push({});\r\n<\/script>\n<\/div>\n<p>Denne bloggen er en tilleggsressurs til boka &#8220;Datasikkerhet &#8211; ikke bli svindlerens neste offer&#8221;, som ble utgitt p\u00e5 Gyldendal i november 2015.<\/p>\n<p><a href=\"http:\/\/www.datasikkerhetsboka.no\/blogg\/wp-content\/uploads\/2015\/11\/datasikkerhet1.jpg\"><img loading=\"lazy\" decoding=\"async\" class=\"alignnone size-medium wp-image-7\" src=\"http:\/\/www.datasikkerhetsboka.no\/blogg\/wp-content\/uploads\/2015\/11\/datasikkerhet1-222x300.jpg\" alt=\"datasikkerhet\" width=\"222\" height=\"300\" srcset=\"http:\/\/www.datasikkerhetsboka.no\/blogg\/wp-content\/uploads\/2015\/11\/datasikkerhet1-222x300.jpg 222w, http:\/\/www.datasikkerhetsboka.no\/blogg\/wp-content\/uploads\/2015\/11\/datasikkerhet1-756x1024.jpg 756w, http:\/\/www.datasikkerhetsboka.no\/blogg\/wp-content\/uploads\/2015\/11\/datasikkerhet1.jpg 1008w\" sizes=\"auto, (max-width: 222px) 100vw, 222px\" \/><\/a><\/p>\n<p>Boken er skrevet med tanke p\u00e5 den vanlige bruker. Du trenger ikke engang \u00e5 v\u00e6re interessert i data for \u00e5 lese den. Fokuset er nemlig ikke maskiner og teknikk, men p\u00e5 situasjoner du som en vanlig bruker kan komme opp i. Det finnes riktignok noe litt mer avanserte tekniske beskrivelser, men disse er samlet i egne &#8220;nerdebokser&#8221; som du kan hoppe over uten \u00e5 g\u00e5 glipp av vesentlig informasjon.<\/p>\n<p>Boken viser hvordan mange svindlere g\u00e5r frem. De fleste former for dataangrep og nettsvindel gjennomf\u00f8res med relativt enkle teknikker. Og ofte er svindlene gjennomf\u00f8rt p\u00e5 en slik m\u00e5te at antivirus, brannmurer og tilsvarende tekniske beskyttelsesmekanismer ikke hjelper. I boken forteller vi hvordan du som vanlig bruker kan oppdage og forhindre at slike svindler rammer deg. Dette gj\u00f8r vi gjennom enkle forklaringer, eksempler og sjekklister.<\/p>\n<p>Boken har f\u00e5tt sv\u00e6rt gode omtaler, som f.eks. denne hos itavisen.no: <a href=\"http:\/\/itavisen.no\/2016\/02\/17\/gi-denne-boka-til-noen-som-er-en-fare-for-seg-selv-pa-nett\/\">Gi denne boka til noen som er en fare for seg selv p\u00e5 nett<\/a><\/p>\n<p>Boka har ogs\u00e5 flere ganger toppet listen over mest solgte b\u00f8ker innen &#8220;Data og IT&#8221; hos cdon.no<\/p>\n<p>Les mer om boka her:<\/p>\n<p><a href=\"http:\/\/www.datasikkerhetsboka.no\">http:\/\/www.datasikkerhetsboka.no<\/a><\/p>\n<p><strong>Kj\u00f8p boka:<\/strong><br \/>\n<a href=\"http:\/\/clk.tradedoubler.com\/click?p=212325&amp;a=2783022&amp;g=20052216&amp;url=https:\/\/www.ark.no\/ark\/boker\/Heide-Christian-F-Natt-Tom-Heine-Datasikkerhet-ikke-bli-svindlerens-neste-offer-9788205480261#.Vi9wGnUVhBc\"><img decoding=\"async\" style=\"height: 75px;\" src=\"http:\/\/www.datasikkerhetsboka.no\/ark.png\" alt=\"ark.no\" \/><\/a><\/p>\n<p><a href=\"http:\/\/clk.tradedoubler.com\/click?p=62335&amp;a=2783022&amp;g=17149304&amp;url=https:\/\/www.haugenbok.no\/Fagboeker\/Administrative-programmer\/Datasikkerhet2\/I9788205480261\"><img decoding=\"async\" style=\"height: 40px;\" src=\"http:\/\/www.datasikkerhetsboka.no\/haugenbok.png\" alt=\"haugenbok.no\" \/><\/a><\/p>\n<p><a href=\"http:\/\/clk.tradedoubler.com\/click?p=116&amp;a=2783022&amp;g=16861858&amp;url=http:\/\/cdon.no\/b%C3%B8ker\/n%C3%A4tt%2c_tom_heine\/datasikkerhet-35461542\"><img decoding=\"async\" style=\"height: 60px;\" src=\"http:\/\/www.datasikkerhetsboka.no\/cdon.jpg\" alt=\"cdon.no\" \/><\/a><\/p>\n<p><a href=\"http:\/\/clk.tradedoubler.com\/click?p=200316&amp;a=2783022&amp;g=19510220&amp;url=http:\/\/www.adlibris.com\/no\/bok\/datasikkerhet-9788205480261\"><img decoding=\"async\" style=\"height: 60px;\" src=\"http:\/\/www.datasikkerhetsboka.no\/adlibris.png\" alt=\"adlibris.no\" \/><\/a><\/p>\n<!--CusAds0-->\n<div style=\"font-size: 0px; height: 0px; line-height: 0px; margin: 0; padding: 0; clear: both;\"><\/div>","protected":false},"excerpt":{"rendered":"<p>Denne bloggen er en tilleggsressurs til boka &#8220;Datasikkerhet &#8211; ikke bli svindlerens neste offer&#8221;, som ble utgitt p\u00e5 Gyldendal i november 2015. Boken er skrevet med tanke p\u00e5 den vanlige bruker. Du trenger ikke&#46;&#46;&#46;<\/p>\n","protected":false},"author":3,"featured_media":0,"parent":0,"menu_order":0,"comment_status":"closed","ping_status":"closed","template":"","meta":{"footnotes":""},"class_list":["post-14","page","type-page","status-publish","hentry"],"aioseo_notices":[],"jetpack_sharing_enabled":true,"_links":{"self":[{"href":"http:\/\/www.datasikkerhetsboka.no\/blogg\/wp-json\/wp\/v2\/pages\/14","targetHints":{"allow":["GET"]}}],"collection":[{"href":"http:\/\/www.datasikkerhetsboka.no\/blogg\/wp-json\/wp\/v2\/pages"}],"about":[{"href":"http:\/\/www.datasikkerhetsboka.no\/blogg\/wp-json\/wp\/v2\/types\/page"}],"author":[{"embeddable":true,"href":"http:\/\/www.datasikkerhetsboka.no\/blogg\/wp-json\/wp\/v2\/users\/3"}],"replies":[{"embeddable":true,"href":"http:\/\/www.datasikkerhetsboka.no\/blogg\/wp-json\/wp\/v2\/comments?post=14"}],"version-history":[{"count":6,"href":"http:\/\/www.datasikkerhetsboka.no\/blogg\/wp-json\/wp\/v2\/pages\/14\/revisions"}],"predecessor-version":[{"id":1830,"href":"http:\/\/www.datasikkerhetsboka.no\/blogg\/wp-json\/wp\/v2\/pages\/14\/revisions\/1830"}],"wp:attachment":[{"href":"http:\/\/www.datasikkerhetsboka.no\/blogg\/wp-json\/wp\/v2\/media?parent=14"}],"curies":[{"name":"wp","href":"https:\/\/api.w.org\/{rel}","templated":true}]}}