{"id":1270,"date":"2016-08-15T08:50:20","date_gmt":"2016-08-15T07:50:20","guid":{"rendered":"http:\/\/www.datasikkerhetsboka.no\/blogg\/?page_id=1270"},"modified":"2016-09-15T13:10:13","modified_gmt":"2016-09-15T12:10:13","slug":"media","status":"publish","type":"page","link":"http:\/\/www.datasikkerhetsboka.no\/blogg\/media\/","title":{"rendered":"Media"},"content":{"rendered":"<div class=\"709ff53d6c15c9c917a4f0a93ff21be9\" data-index=\"1\" style=\"float: none; margin:10px 0 10px 0; text-align:center;\">\n<script async src=\"\/\/pagead2.googlesyndication.com\/pagead\/js\/adsbygoogle.js\"><\/script>\r\n<!-- annonser - blogg -->\r\n<ins class=\"adsbygoogle\"\r\n     style=\"display:block\"\r\n     data-ad-client=\"ca-pub-3643033126981971\"\r\n     data-ad-slot=\"5209152447\"\r\n     data-ad-format=\"auto\"><\/ins>\r\n<script>\r\n(adsbygoogle = window.adsbygoogle || []).push({});\r\n<\/script>\n<\/div>\n<p>Dersom media \u00f8nsker \u00e5 benytte artikler eller innhold p\u00e5 bloggen, stiller vi gjerne opp p\u00e5 dette. Ta kontakt for \u00e5 avtale.<\/p>\n<p>Vi stiller ogs\u00e5 gjerne opp som fagperson\/intervjuobjekter igjennom v\u00e5r rolle som fagansatte ved Avdeling for informasjonsteknologi, H\u00f8gskolen i \u00d8stfold.<\/p>\n<p>Tak kontakt p\u00e5 tom.h.natt@hiof.no eller 92012120<\/p>\n<p>&nbsp;<\/p>\n<p>Medieomtaler av boka, nyhetsartikler og intervjuer om datasikkerhet med forfatterne:<\/p>\n<ul>\n<li><a href=\"http:\/\/www.hiof.no\/aktuelt\/nyheter\/hogskoleavisa\/?&amp;displayitem=4184&amp;module=news\">Nyhetssak fra H\u00f8gskolen i \u00d8stfold<\/a> (17\/11-2015)<\/li>\n<li><a href=\"https:\/\/blogg.hiof.no\/hoit\/2015\/11\/datasikkerhet-ikke-bli-svindlerens-neste-offer\/\">H\u00f8IT<\/a> (18\/11-2015)<\/li>\n<li><a href=\"http:\/\/www.nrk.no\/ostfold\/sosiale-medier-er-nettsvindlernes-nye-arena-1.12662749\">NRK \u00d8stfold<\/a> (23\/11-2015)<\/li>\n<li><a href=\"https:\/\/radio.nrk.no\/serie\/distriktsprogram-oestfold\/DKOS02023315\/23-11-2015#t=1h6m30s\">NRK Distrikssending &#8211; Morran fra NRK \u00d8stfold (radio)<\/a> (23\/11-2015)<\/li>\n<li><a href=\"http:\/\/www.teknologia.no\/2015\/12\/bok-datasikkerhet-ikke-bli-svindlerens-neste-offer\/\">Teknologia.no<\/a> (07\/12-2015)<\/li>\n<li><a href=\"http:\/\/www2.hiof.no\/nor\/hogskolen-i-ostfold\/for-ansatte\/aktuelt\/aktuelt#\/articles\/4207\">M\u00e5nedens bok &#8211; Biblioteket Hi\u00d8<\/a> (07\/12-2015)<\/li>\n<li>Omtale &#8211; Forskerforum nr 1 \/ 2016 (06\/01-2016)<\/li>\n<li><a href=\"http:\/\/itpro.no\/artikkel\/20113\/datasikkerhet-norsk-bok-med-ikt-sikkerhet-i-fokus\/\">itpro.no &#8211; Norsk bok med IKT-sikkerhet i fokus<\/a> (11\/01-2016)<\/li>\n<li><a href=\"http:\/\/www.dinside.no\/935766\/falske-folgere-paa-instagram-slik-vil-de-svindle-deg\">Sitert av dinside.no<\/a> (15\/01-2016)<\/li>\n<li><a href=\"http:\/\/www.ba.no\/nyheter\/svindlere-frister-med-55-tommers-tv-i-falsk-sms\/s\/5-8-264899\">Sitert av ba.no og en rekke andre lokalaviser<\/a> (28\/01-2016)<\/li>\n<li><a href=\"http:\/\/www.ingeniornytt.no\/papirutgaven\/2016-01-in-web\">Omtale\/anmeldelse i Ingeni\u00f8rnytt nr 1\/2016<\/a> (12\/02-2016)<\/li>\n<li><a href=\"http:\/\/itavisen.no\/2016\/02\/17\/gi-denne-boka-til-noen-som-er-en-fare-for-seg-selv-pa-nett\/\">Test av boka p\u00e5 itavisen.no<\/a> (17\/02-2016)<\/li>\n<li><a href=\"http:\/\/litthusfred.no\/events\/datasikkerhet-ikke-bli-svindlerens-neste-offer\/\">Foredrag p\u00e5 Litteraturhuset i Fredrikstad<\/a> (04\/04-2016)<\/li>\n<li><a href=\"http:\/\/www.f-b.no\/debatt\/datakriminalitet\/sikkerhet\/internett-svindlernes-lekegrind\/o\/5-59-418052\">Kronikk i Fredrikstad Blad<\/a> (04\/04-2016)<\/li>\n<li>Kronikk i Sarpsborg Arbeiderblad (08\/04-2016)<\/li>\n<li>Kronikk i Halden Arbeiderblad (20\/04-2016)<\/li>\n<li><a href=\"http:\/\/www.dinside.no\/936691\/slik-avslorer-du-falske-facebook-profiler\">Bidragsytere til artikkel p\u00e5 dinside.no<\/a> (30\/05-2016)<\/li>\n<li><a href=\"http:\/\/www.dinside.no\/937047\/derfor-bor-du-holde-deg-unna-personlighetstester-paa-facebook\">Artikkelforfatter p\u00e5 dinside.no<\/a> (29\/07-2016)<\/li>\n<li><a href=\"http:\/\/www.f-b.no\/debatt\/datakriminalitet\/sikkerhet\/datasikkerhet-det-finnes-ikke-noe-slikt-som-en-gratis-lunsj\/o\/5-59-516253\">Kronikk i Fredrikstad Blad<\/a> (04\/08-2016)<\/li>\n<li><a href=\"http:\/\/www.elkjop.no\/cms\/sikkerhet\/falske-sms-og-eposter\/\">Bidragsytere til Elkj\u00f8p\/NewsWire-artikkel<\/a><\/li>\n<li><a href=\"http:\/\/www.bt.no\/nyheter\/lokalt\/--Dette-er-veldig-kjedelig-322275b.html\">Bidragsyter i artikkel hos Bergens Tidene<\/a>\u00a0(2\/9-2016)<\/li>\n<li><a href=\"http:\/\/itavisen.no\/2016\/09\/12\/vi-garanterer-at-du-laerer-noe-viktig-om-facebook-om-du-leser-dette\/\">Artikkelforfatter p\u00e5 itavisen.no<\/a> (12\/9-2016)<\/li>\n<li><a href=\"http:\/\/itavisen.no\/2016\/09\/15\/har-du-noen-gang-takket-ja-til-noe-slikt-pa-facebook\/\">Artikkelforfatter p\u00e5 itavisen.no<\/a> (15\/9-2016)<\/li>\n<\/ul>\n<!--CusAds0-->\n<div style=\"font-size: 0px; height: 0px; line-height: 0px; margin: 0; padding: 0; clear: both;\"><\/div>","protected":false},"excerpt":{"rendered":"<p>Dersom media \u00f8nsker \u00e5 benytte artikler eller innhold p\u00e5 bloggen, stiller vi gjerne opp p\u00e5 dette. Ta kontakt for \u00e5 avtale. Vi stiller ogs\u00e5 gjerne opp som fagperson\/intervjuobjekter igjennom v\u00e5r rolle som fagansatte ved&#46;&#46;&#46;<\/p>\n","protected":false},"author":3,"featured_media":0,"parent":0,"menu_order":0,"comment_status":"closed","ping_status":"closed","template":"","meta":{"footnotes":""},"class_list":["post-1270","page","type-page","status-publish","hentry"],"aioseo_notices":[],"jetpack_sharing_enabled":true,"_links":{"self":[{"href":"http:\/\/www.datasikkerhetsboka.no\/blogg\/wp-json\/wp\/v2\/pages\/1270","targetHints":{"allow":["GET"]}}],"collection":[{"href":"http:\/\/www.datasikkerhetsboka.no\/blogg\/wp-json\/wp\/v2\/pages"}],"about":[{"href":"http:\/\/www.datasikkerhetsboka.no\/blogg\/wp-json\/wp\/v2\/types\/page"}],"author":[{"embeddable":true,"href":"http:\/\/www.datasikkerhetsboka.no\/blogg\/wp-json\/wp\/v2\/users\/3"}],"replies":[{"embeddable":true,"href":"http:\/\/www.datasikkerhetsboka.no\/blogg\/wp-json\/wp\/v2\/comments?post=1270"}],"version-history":[{"count":5,"href":"http:\/\/www.datasikkerhetsboka.no\/blogg\/wp-json\/wp\/v2\/pages\/1270\/revisions"}],"predecessor-version":[{"id":1725,"href":"http:\/\/www.datasikkerhetsboka.no\/blogg\/wp-json\/wp\/v2\/pages\/1270\/revisions\/1725"}],"wp:attachment":[{"href":"http:\/\/www.datasikkerhetsboka.no\/blogg\/wp-json\/wp\/v2\/media?parent=1270"}],"curies":[{"name":"wp","href":"https:\/\/api.w.org\/{rel}","templated":true}]}}